{"id":129,"date":"2023-10-31T15:06:29","date_gmt":"2023-10-31T14:06:29","guid":{"rendered":"https:\/\/www.amnc45.com\/?page_id=129"},"modified":"2025-11-22T11:43:50","modified_gmt":"2025-11-22T10:43:50","slug":"lassociation","status":"publish","type":"page","link":"https:\/\/www.amnc45.com\/index.php\/lassociation\/","title":{"rendered":"L&rsquo;association"},"content":{"rendered":"<section class=\"wpb-content-wrapper\">[vc_row][vc_column][vc_separator][vc_column_text css=\u00a0\u00bb.vc_custom_1697791544837{margin-right: 900px !important;margin-left: 900px !important;padding-right: 300px !important;padding-left: 300px !important;}\u00a0\u00bb]\u00a0[\/vc_column_text][\/vc_column][\/vc_row][vc_row css=\u00a0\u00bb.vc_custom_1694782595324{padding-top: 50px !important;}\u00a0\u00bb][vc_column][vc_column_text][\/vc_column_text]<div class=\"events_heading text-left \"><strong>HISTORIQUE <span style=\"color: #ff0000;\">DU MARCH\u00c9 DE NO\u00cbL<\/span><\/strong><hr\/><\/div>[vc_column_text]Nous sommes un village de 2.200 habitants, \u00e0 l\u2019or\u00e9e de la Sologne, dans le sud du Loiret.<\/p>\n<p>Le March\u00e9 de No\u00ebl s\u2019est install\u00e9 petit \u00e0 petit et a bien grandi depuis 30 ans, pour devenir une vedette r\u00e9gionale, dont quelques chiffres peuvent en t\u00e9moigner l\u2019ampleur : Environ 1000 m\u00e8tres lin\u00e9aire, 150 exposants dont une partie vou\u00e9e \u00e0 l\u2019artisanat locale, autour de 15.000 visiteurs pendant le week-end.<\/p>\n<p>Notre marche devient ainsi le premier plus grand \u00e9v\u00e9nement du Loiret se d\u00e9roulant dans un village.<\/p>\n<p>Ce qui nous distingue des March\u00e9s traditionnels, outre son importance, c\u2019est qu\u2019il se d\u00e9roule majoritairement, \u00e0 l\u2019abri des intemp\u00e9ries. (+ de 70% couvert)<\/p>\n<p>En effet, ce qui est le plus significatif c\u2019est la complexit\u00e9 et l\u2019ampleur de cette manifestation. La m\u00e9tamorphose de notre centre-bourg en une semaine sont : les rues paisibles qui se voient recouvertes de barnums g\u00e9ants, devenant ainsi un parcours pi\u00e9tonnier festif, commer\u00e7ant et ludique. On ne reconnait plus notre village, c\u2019est un moment de magie, propre \u00e0 valoriser le travail de nos nombreux b\u00e9n\u00e9voles investis dans cette t\u00e2che, ainsi que l\u2019implication de la Municipalit\u00e9 et de tous nos annonceurs, sans lesquels, rien ne serait possible.<\/p>\n<p>Cette ann\u00e9e nous f\u00eaterons les 30 ans d\u2019existence de notre march\u00e9. Cela est une bonne occasion pour redynamiser encore plus l\u2019\u00e9v\u00e8nement \u00e0 travers plusieurs th\u00e9matiques : plus d\u2019esprit de No\u00ebl tant au niveau du choix des exposants que des nombreuses d\u00e9corations, plus d\u2019animations avec une nocturne le samedi soir jusqu\u2019\u00e0 21h sur l\u2019ensemble du March\u00e9.<\/p>\n<p>Nous esp\u00e9rons, cette ann\u00e9e encore, vous y retrouver nombreux.<\/p>\n<p><strong>Le Pr\u00e9sident et son Bureau<\/strong>[\/vc_column_text][vc_column_text][\/vc_column_text]<div class=\"events_heading text-left \"><strong>LE NOUVEAU <span style=\"color: #ff0000;\">BUREAU<\/span><\/strong><\/p>\n<hr\/><\/div>[\/vc_column][\/vc_row][vc_row][vc_column width=\u00a0\u00bb1\/2&Prime;][vc_single_image image=\u00a0\u00bb740&Prime; img_size=\u00a0\u00bblarge\u00a0\u00bb alignment=\u00a0\u00bbright\u00a0\u00bb][\/vc_column][\/vc_row][vc_row][vc_column width=\u00a0\u00bb1\/3&Prime;][vc_column_text]\n<p style=\"text-align: center;\"><strong>Adresse mail de l&rsquo;Association du march\u00e9 de No\u00ebl :<\/strong> <a href=\"mailto:bureau.amnc45@gmail.com\">bureau.amnc45@gmail.com<\/a><\/p>\n[\/vc_column_text][\/vc_column][vc_column width=\u00a0\u00bb1\/3&Prime;][vc_column_text]\n<p style=\"text-align: center;\"><strong>T\u00e9l\u00e9phone de l&rsquo;association :<\/strong><br \/>\n06 60 95 38 19<br \/>\n<em>N&rsquo;h\u00e9sitez \u00e0 laisser un message<\/em><\/p>\n[\/vc_column_text][\/vc_column][vc_column width=\u00a0\u00bb1\/3&Prime;][vc_column_text]\n<p style=\"text-align: center;\"><strong>Adresse postale :<br \/>\n<\/strong>Mairie de Coullons, AMNC,<br \/>\n6 rue de la Mairie<br \/>\n45720 Coullons<\/p>\n[\/vc_column_text][\/vc_column][\/vc_row]\n<\/section>","protected":false},"excerpt":{"rendered":"<p>[vc_row][vc_column][vc_separator][vc_column_text css=\u00a0\u00bb.vc_custom_1697791544837{margin-right: 900px !important;margin-left: 900px !important;padding-right: 300px !important;padding-left: 300px !important;}\u00a0\u00bb]\u00a0[\/vc_column_text][\/vc_column][\/vc_row][vc_row css=\u00a0\u00bb.vc_custom_1694782595324{padding-top: 50px !important;}\u00a0\u00bb][vc_column][vc_column_text][\/vc_column_text][vc_column_text]Nous sommes un village de 2.200 habitants, \u00e0 l\u2019or\u00e9e de la Sologne, dans le sud du Loiret. Le March\u00e9 de No\u00ebl s\u2019est install\u00e9 petit \u00e0 petit et a bien grandi depuis 30 ans, pour devenir une vedette r\u00e9gionale, dont quelques chiffres peuvent en [&hellip;]<\/p>\n","protected":false},"author":1,"featured_media":0,"parent":0,"menu_order":0,"comment_status":"closed","ping_status":"closed","template":"templates\/visualcomposer_template.php","meta":{"pgc_sgb_lightbox_settings":"","footnotes":""},"class_list":["post-129","page","type-page","status-publish","hentry"],"_links":{"self":[{"href":"https:\/\/www.amnc45.com\/index.php\/wp-json\/wp\/v2\/pages\/129","targetHints":{"allow":["GET"]}}],"collection":[{"href":"https:\/\/www.amnc45.com\/index.php\/wp-json\/wp\/v2\/pages"}],"about":[{"href":"https:\/\/www.amnc45.com\/index.php\/wp-json\/wp\/v2\/types\/page"}],"author":[{"embeddable":true,"href":"https:\/\/www.amnc45.com\/index.php\/wp-json\/wp\/v2\/users\/1"}],"replies":[{"embeddable":true,"href":"https:\/\/www.amnc45.com\/index.php\/wp-json\/wp\/v2\/comments?post=129"}],"version-history":[{"count":24,"href":"https:\/\/www.amnc45.com\/index.php\/wp-json\/wp\/v2\/pages\/129\/revisions"}],"predecessor-version":[{"id":743,"href":"https:\/\/www.amnc45.com\/index.php\/wp-json\/wp\/v2\/pages\/129\/revisions\/743"}],"wp:attachment":[{"href":"https:\/\/www.amnc45.com\/index.php\/wp-json\/wp\/v2\/media?parent=129"}],"curies":[{"name":"wp","href":"https:\/\/api.w.org\/{rel}","templated":true}]}}